{"id":203,"date":"2019-07-05T15:21:58","date_gmt":"2019-07-05T13:21:58","guid":{"rendered":"https:\/\/www.energies-osteo.com\/?page_id=203"},"modified":"2023-06-02T18:55:35","modified_gmt":"2023-06-02T16:55:35","slug":"cgu-cgv","status":"publish","type":"page","link":"https:\/\/www.energies-osteo.com\/en\/cgu-cgv\/","title":{"rendered":"CGU\/CGV"},"content":{"rendered":"<h1>TERMS AND CONDITIONS OF SALE<\/h1>\n<p>Between Soci\u00e9t\u00e9 SASSU ALSE,<br \/>\n(soci\u00e9t\u00e9 par actions simplifi\u00e9e unipersonnelle), registered under Siret number: 520 528 902 00015 and whose registered office is located Parc d&#8217;activit\u00e9 du T\u00e9n\u00e9nio, 24 all\u00e9e Fran\u00e7ois Joseph Broussais, 56000 VANNES, represented by Mr.. Alain SEBERT, as founder, duly authorized for the purposes hereof.<br \/>\nHereinafter referred to as &#8220;the Company&#8221;.<\/p>\n<h2>Preamble<\/h2>\n<p>The Company is a legal entity without share capital, providing remote therapeutic services for patients, marketed via its website https:\/\/www.energies-osteo.com.<br \/>\nThe list and description of services offered by the company can be consulted on the above-mentioned website. The purpose of the company is to provide remote energy therapy. This therapy is marketed via online purchase.<\/p>\n<h2>Definition of contractual terms<\/h2>\n<p>Patient: refers to the Company&#8217;s contracting party who is exclusively a non-professional consumer.<br \/>\nGeneral Terms and Conditions of Sale (GTCS): refers to the terms and conditions of sale determining the rights and obligations of the Parties in the context of purchases made on the Internet Site operated by the Company.<br \/>\nParty(ies): means the Company and\/or the Customer.<br \/>\nService(s): refers to the distance energy therapy treatments offered by the Company.<br \/>\nWebsite: refers to the site hosted under the following domain name: www.energies-osteo.com<\/p>\n<h2>Article 1: Purpose<\/h2>\n<p>The Company offers the occasional sale of Services, all of which are marketed via its website at the following address: www.energies-osteo.com.<br \/>\nThe list and description of the Services offered by the Company can be consulted on the aforementioned website.<br \/>\nThese General Terms and Conditions of Sale (hereinafter referred to as &#8220;GTCS&#8221;) determine the rights and obligations of the parties in connection with the online sale of the Services offered by the Company.<\/p>\n<h2>Article 2: General provisions<\/h2>\n<p>These General Terms and Conditions apply to the sale of Services carried out via the www.energies-osteo.com website interface. As such, the General Terms and Conditions form an integral part of the contract between the Customer and the Company.<br \/>\nThe Company reserves the right to modify these terms and conditions at any time by publishing a new version on its website. The GCS applicable are those in force at the date of the order.<br \/>\nThe Customer hereby declares that he has read and understood all of these terms and conditions, and accepts them without restriction or reservation.<br \/>\nThe Customer acknowledges that he has received the necessary advice and information on the Website in order to ensure that the offer meets his needs.<br \/>\nThe Customer declares that he\/she is legally able to contract under French law.<br \/>\nIn the absence of proof to the contrary, the information recorded by the Company constitutes proof of all transactions.<\/p>\n<h2>Article 3: Nature of services sold by the company<\/h2>\n<h3>Article 3.1: General provisions<\/h3>\n<p>The essential characteristics of the Services and their prices are made available to the Customer on the Website, in detail and in the French language.<br \/>\nThe Parties agree that any illustrations or photos illustrating the Products or Services offered for sale have no contractual value.<br \/>\nThe price of the Services is specified on the Website.<br \/>\nExcept in the case of special conditions, the rights granted hereunder are granted solely to the Customer.<\/p>\n<h3>Article 3.2: Remote energy therapy<\/h3>\n<p>Remote energy therapy is a service sold by the Company, the purpose of which is to provide therapeutic care for a pathology expressed by the Customer. The price is specified on the Website.<\/p>\n<h2>Article 4: Prices<\/h2>\n<h3>Article 4.1: Prices and payment for Services<\/h3>\n<p>Service prices are given in Euros, inclusive of all taxes, and are precisely defined on the service request page.<br \/>\nThe Company reserves the right to modify its prices at any time in the future.<br \/>\nAny telecommunication costs incurred in accessing the Company&#8217;s websites shall be borne by the Customer.<br \/>\nThe price is paid when the order is placed via the Website.<\/p>\n<h2>Article 5: concluding a contract online<\/h2>\n<p>The customer must follow the steps below to complete the order.<br \/>\nStep 1: On the remote intervention request page, the customer must fill in an information form.<br \/>\nStep 2: Acceptance of these terms and conditions ;<br \/>\nStep 3: redirection to Paypal for payment of \u20ac50.00.<br \/>\nStep 4: The Customer will then receive an e-mail confirming payment for the order, as well as an order acknowledgement confirming receipt of the order.<br \/>\nStep 5: intervention within 24 hours.<br \/>\nThe Customer will receive a copy of these GCS in PDF format attached to the aforementioned order confirmation e-mail. The Customer undertakes to provide truthful identification. The Company reserves the right to refuse an order, for example for any abnormal request, made in bad faith or for any legitimate reason.<\/p>\n<h2>Article 6: Terms and conditions<\/h2>\n<p>The Service Provisions are delivered within the time specified: 24 hours.<br \/>\nIn the event of a delay of more than 72 hours, the Customer may request reimbursement of the Service Provision by sending an email to alain@energie-osteo.com . The latter is reimbursed by the Company within 72 hours for the amount corresponding to the Services paid for.<br \/>\nIt is the Customer&#8217;s responsibility to notify the Company of any reservations regarding the Service Provision delivered. In the absence of reservations, the Customer is deemed to have received the goods perfectly.<\/p>\n<h2>Article 7: Payment<\/h2>\n<p>Payment is due immediately upon order, including for pre-ordered products.<\/p>\n<h3>Article 7.1 : Payment by credit card<\/h3>\n<p>The customer may pay by payment card issued by a French bank. Cards issued by banks domiciled outside France must be international bank cards.<br \/>\nSecure online payment by credit card is made by the Company&#8217;s payment service provider, at its discretion.<br \/>\nOnce the customer has initiated payment, the transaction is immediately debited after the information has been verified.<br \/>\nIn accordance with the provisions of the French Monetary and Financial Code, the commitment to pay by card is irrevocable. By providing his\/her bank details at the time of sale, the Customer authorizes La Soci\u00e9t\u00e9 to debit his\/her card for the amount relating to the price indicated.<br \/>\nThe Customer confirms that he is the legal holder of the card to be debited and that he is legally entitled to use it.<\/p>\n<h3>Article 7.2: Non-payment &#8211; Penalty clause<\/h3>\n<p>In the event of an error, or the impossibility of debiting the card under the conditions of article 9.1 hereof, the sale is immediately cancelled and the order cancelled.<\/p>\n<h2>Article 8: Withdrawal period<\/h2>\n<p>In accordance with the Hamon law of March 17, 2014, the Customer is reminded that Article L. 121-20 of the French Consumer Code specifies that the consumer has a period of fourteen clear days to exercise his right of withdrawal without having to justify his reasons or pay any penalties, with the exception, where applicable, of return costs.<br \/>\nThe period mentioned in the previous paragraph runs from acceptance of the offer for the provision of services. The right of withdrawal can be exercised using the withdrawal form enclosed with the order confirmation.<br \/>\nCustomers are informed that in accordance with article L. 121-20-2 of the French Consumer Code, the right of withdrawal may or may not be applicable depending on the service provided. Thus :<br \/>\nThe right of withdrawal does not apply to the purchase of a one-off Service Provision. The performance of the service was completed before the legal 14-day period had expired;<\/p>\n<h2>Article 9: Complaints<\/h2>\n<p>If necessary, the Customer may submit any complaint by contacting the Company by e-mail.<\/p>\n<h2>Article 10: Intellectual property rights<\/h2>\n<p>Trademarks, domain names, products, software, images, videos, texts or more generally any information subject to intellectual property rights are and remain the exclusive property of the Company. No transfer of intellectual property rights is made through these GTC.<\/p>\n<h2>Article 11: Force majeure<\/h2>\n<p>The performance of the Company&#8217;s obligations hereunder shall be suspended in the event of a fortuitous event or force majeure which prevents performance. The Company will notify the customer of the occurrence of such an event as soon as possible.<\/p>\n<h2>Article 12: Invalidity and modification of the general terms and conditions of sale<\/h2>\n<p>Should any of the stipulations of the GCS be invalidated, this shall not invalidate the other stipulations, which shall remain in force between the parties. Any contractual modification is only valid after a written and signed agreement between the parties.<\/p>\n<h2>Article 13: Protection of personal data<\/h2>\n<p>In accordance with the French Data Protection Act (Loi Informatique et Libert\u00e9s) of January 6, 1978, customers have the right to request, access, modify, oppose and rectify personal data concerning them. By accepting these general terms and conditions of sale, the Customer consents to the collection and use of this data by the Company for the purposes of this contract. By entering his e-mail address on one of the network&#8217;s sites, the Customer will receive e-mails containing information about Services published by the Company.<br \/>\nThe customer may unsubscribe at any time.<\/p>\n<h2>Article 14: Applicable law<\/h2>\n<p>All clauses contained in these general terms and conditions of sale, as well as all purchase and sale transactions referred to herein, shall be governed by French law.<\/p>\n","protected":false},"excerpt":{"rendered":"<p>TERMS AND CONDITIONS OF SALE Between Soci\u00e9t\u00e9 SASSU ALSE, (soci\u00e9t\u00e9 par actions simplifi\u00e9e unipersonnelle), registered under Siret number: 520 528 902 00015 and whose registered office is located Parc d&#8217;activit\u00e9 du T\u00e9n\u00e9nio, 24 all\u00e9e Fran\u00e7ois Joseph Broussais, 56000 VANNES, represented by Mr.. Alain SEBERT, as founder, duly authorized for the purposes hereof. Hereinafter referred to [&hellip;]<\/p>\n","protected":false},"author":3,"featured_media":0,"parent":0,"menu_order":0,"comment_status":"closed","ping_status":"closed","template":"","meta":{"footnotes":""},"class_list":["post-203","page","type-page","status-publish","hentry"],"yoast_head":"<!-- This site is optimized with the Yoast SEO plugin v27.4 - https:\/\/yoast.com\/product\/yoast-seo-wordpress\/ -->\n<title>CGU\/CGV - Alain S\u00e9bert, Osteopath \u2013 Remote energy therapy<\/title>\n<meta name=\"description\" content=\"Terms and conditions of sale\" \/>\n<meta name=\"robots\" content=\"index, follow, max-snippet:-1, max-image-preview:large, max-video-preview:-1\" \/>\n<link rel=\"canonical\" href=\"https:\/\/www.energies-osteo.com\/cgu-cgv\/\" \/>\n<meta property=\"og:locale\" content=\"en_US\" \/>\n<meta property=\"og:type\" content=\"article\" \/>\n<meta property=\"og:title\" content=\"CGU\/CGV - Alain S\u00e9bert, Osteopath \u2013 Remote energy therapy\" \/>\n<meta property=\"og:description\" content=\"Terms and conditions of sale\" \/>\n<meta property=\"og:url\" content=\"https:\/\/www.energies-osteo.com\/cgu-cgv\/\" \/>\n<meta property=\"og:site_name\" content=\"Alain S\u00e9bert, Osteopath \u2013 Remote energy therapy\" \/>\n<meta property=\"article:modified_time\" content=\"2023-06-02T16:55:35+00:00\" \/>\n<meta name=\"twitter:card\" content=\"summary_large_image\" \/>\n<meta name=\"twitter:label1\" content=\"Est. reading time\" \/>\n\t<meta name=\"twitter:data1\" content=\"7 minutes\" \/>\n<script type=\"application\/ld+json\" class=\"yoast-schema-graph\">{\"@context\":\"https:\\\/\\\/schema.org\",\"@graph\":[{\"@type\":\"WebPage\",\"@id\":\"https:\\\/\\\/www.energies-osteo.com\\\/cgu-cgv\\\/\",\"url\":\"https:\\\/\\\/www.energies-osteo.com\\\/cgu-cgv\\\/\",\"name\":\"CGU\\\/CGV - Alain S\u00e9bert, Osteopath \u2013 Remote energy therapy\",\"isPartOf\":{\"@id\":\"https:\\\/\\\/www.energies-osteo.com\\\/#website\"},\"datePublished\":\"2019-07-05T13:21:58+00:00\",\"dateModified\":\"2023-06-02T16:55:35+00:00\",\"description\":\"Terms and conditions of sale\",\"breadcrumb\":{\"@id\":\"https:\\\/\\\/www.energies-osteo.com\\\/cgu-cgv\\\/#breadcrumb\"},\"inLanguage\":\"en-US\",\"potentialAction\":[{\"@type\":\"ReadAction\",\"target\":[\"https:\\\/\\\/www.energies-osteo.com\\\/cgu-cgv\\\/\"]}]},{\"@type\":\"BreadcrumbList\",\"@id\":\"https:\\\/\\\/www.energies-osteo.com\\\/cgu-cgv\\\/#breadcrumb\",\"itemListElement\":[{\"@type\":\"ListItem\",\"position\":1,\"name\":\"Accueil\",\"item\":\"https:\\\/\\\/www.energies-osteo.com\\\/en\\\/\"},{\"@type\":\"ListItem\",\"position\":2,\"name\":\"CGU\\\/CGV\"}]},{\"@type\":\"WebSite\",\"@id\":\"https:\\\/\\\/www.energies-osteo.com\\\/#website\",\"url\":\"https:\\\/\\\/www.energies-osteo.com\\\/\",\"name\":\"Alain S\u00e9bert, Osteopath \u2013 Remote energy therapy\",\"description\":\"\",\"publisher\":{\"@id\":\"https:\\\/\\\/www.energies-osteo.com\\\/#organization\"},\"potentialAction\":[{\"@type\":\"SearchAction\",\"target\":{\"@type\":\"EntryPoint\",\"urlTemplate\":\"https:\\\/\\\/www.energies-osteo.com\\\/?s={search_term_string}\"},\"query-input\":{\"@type\":\"PropertyValueSpecification\",\"valueRequired\":true,\"valueName\":\"search_term_string\"}}],\"inLanguage\":\"en-US\"},{\"@type\":\"Organization\",\"@id\":\"https:\\\/\\\/www.energies-osteo.com\\\/#organization\",\"name\":\"Alain S\u00e9bert, Osteopath \u2013 Remote energy therapy\",\"url\":\"https:\\\/\\\/www.energies-osteo.com\\\/\",\"logo\":{\"@type\":\"ImageObject\",\"inLanguage\":\"en-US\",\"@id\":\"https:\\\/\\\/www.energies-osteo.com\\\/#\\\/schema\\\/logo\\\/image\\\/\",\"url\":\"https:\\\/\\\/www.energies-osteo.com\\\/wp-content\\\/uploads\\\/2018\\\/12\\\/logo-alain-sebert.png\",\"contentUrl\":\"https:\\\/\\\/www.energies-osteo.com\\\/wp-content\\\/uploads\\\/2018\\\/12\\\/logo-alain-sebert.png\",\"width\":179,\"height\":190,\"caption\":\"Alain S\u00e9bert, Osteopath \u2013 Remote energy therapy\"},\"image\":{\"@id\":\"https:\\\/\\\/www.energies-osteo.com\\\/#\\\/schema\\\/logo\\\/image\\\/\"}}]}<\/script>\n<!-- \/ Yoast SEO plugin. -->","yoast_head_json":{"title":"CGU\/CGV - Alain S\u00e9bert, Osteopath \u2013 Remote energy therapy","description":"Terms and conditions of sale","robots":{"index":"index","follow":"follow","max-snippet":"max-snippet:-1","max-image-preview":"max-image-preview:large","max-video-preview":"max-video-preview:-1"},"canonical":"https:\/\/www.energies-osteo.com\/cgu-cgv\/","og_locale":"en_US","og_type":"article","og_title":"CGU\/CGV - Alain S\u00e9bert, Osteopath \u2013 Remote energy therapy","og_description":"Terms and conditions of sale","og_url":"https:\/\/www.energies-osteo.com\/cgu-cgv\/","og_site_name":"Alain S\u00e9bert, Osteopath \u2013 Remote energy therapy","article_modified_time":"2023-06-02T16:55:35+00:00","twitter_card":"summary_large_image","twitter_misc":{"Est. reading time":"7 minutes"},"schema":{"@context":"https:\/\/schema.org","@graph":[{"@type":"WebPage","@id":"https:\/\/www.energies-osteo.com\/cgu-cgv\/","url":"https:\/\/www.energies-osteo.com\/cgu-cgv\/","name":"CGU\/CGV - Alain S\u00e9bert, Osteopath \u2013 Remote energy therapy","isPartOf":{"@id":"https:\/\/www.energies-osteo.com\/#website"},"datePublished":"2019-07-05T13:21:58+00:00","dateModified":"2023-06-02T16:55:35+00:00","description":"Terms and conditions of sale","breadcrumb":{"@id":"https:\/\/www.energies-osteo.com\/cgu-cgv\/#breadcrumb"},"inLanguage":"en-US","potentialAction":[{"@type":"ReadAction","target":["https:\/\/www.energies-osteo.com\/cgu-cgv\/"]}]},{"@type":"BreadcrumbList","@id":"https:\/\/www.energies-osteo.com\/cgu-cgv\/#breadcrumb","itemListElement":[{"@type":"ListItem","position":1,"name":"Accueil","item":"https:\/\/www.energies-osteo.com\/en\/"},{"@type":"ListItem","position":2,"name":"CGU\/CGV"}]},{"@type":"WebSite","@id":"https:\/\/www.energies-osteo.com\/#website","url":"https:\/\/www.energies-osteo.com\/","name":"Alain S\u00e9bert, Osteopath \u2013 Remote energy therapy","description":"","publisher":{"@id":"https:\/\/www.energies-osteo.com\/#organization"},"potentialAction":[{"@type":"SearchAction","target":{"@type":"EntryPoint","urlTemplate":"https:\/\/www.energies-osteo.com\/?s={search_term_string}"},"query-input":{"@type":"PropertyValueSpecification","valueRequired":true,"valueName":"search_term_string"}}],"inLanguage":"en-US"},{"@type":"Organization","@id":"https:\/\/www.energies-osteo.com\/#organization","name":"Alain S\u00e9bert, Osteopath \u2013 Remote energy therapy","url":"https:\/\/www.energies-osteo.com\/","logo":{"@type":"ImageObject","inLanguage":"en-US","@id":"https:\/\/www.energies-osteo.com\/#\/schema\/logo\/image\/","url":"https:\/\/www.energies-osteo.com\/wp-content\/uploads\/2018\/12\/logo-alain-sebert.png","contentUrl":"https:\/\/www.energies-osteo.com\/wp-content\/uploads\/2018\/12\/logo-alain-sebert.png","width":179,"height":190,"caption":"Alain S\u00e9bert, Osteopath \u2013 Remote energy therapy"},"image":{"@id":"https:\/\/www.energies-osteo.com\/#\/schema\/logo\/image\/"}}]}},"_links":{"self":[{"href":"https:\/\/www.energies-osteo.com\/en\/wp-json\/wp\/v2\/pages\/203","targetHints":{"allow":["GET"]}}],"collection":[{"href":"https:\/\/www.energies-osteo.com\/en\/wp-json\/wp\/v2\/pages"}],"about":[{"href":"https:\/\/www.energies-osteo.com\/en\/wp-json\/wp\/v2\/types\/page"}],"author":[{"embeddable":true,"href":"https:\/\/www.energies-osteo.com\/en\/wp-json\/wp\/v2\/users\/3"}],"replies":[{"embeddable":true,"href":"https:\/\/www.energies-osteo.com\/en\/wp-json\/wp\/v2\/comments?post=203"}],"version-history":[{"count":0,"href":"https:\/\/www.energies-osteo.com\/en\/wp-json\/wp\/v2\/pages\/203\/revisions"}],"wp:attachment":[{"href":"https:\/\/www.energies-osteo.com\/en\/wp-json\/wp\/v2\/media?parent=203"}],"curies":[{"name":"wp","href":"https:\/\/api.w.org\/{rel}","templated":true}]}}